{"id":2,"date":"2026-01-02T16:53:32","date_gmt":"2026-01-02T15:53:32","guid":{"rendered":"http:\/\/darmodlitwy.pl\/?page_id=2"},"modified":"2026-01-04T20:31:00","modified_gmt":"2026-01-04T19:31:00","slug":"przykladowa-strona","status":"publish","type":"page","link":"https:\/\/darmodlitwy.pl\/?page_id=2","title":{"rendered":"Modlitwa za wstawiennictwem  naszego patrona"},"content":{"rendered":"\n<p>Modlitwa do \u015awi\u0119tego<\/p>\n\n\n\n<h1 class=\"wp-block-heading\">. Carla Acutisa<\/h1>\n\n\n\n<p><\/p>\n\n\n\n<p>Oficjalna modlitwa z pro\u015bb\u0105 o \u0142ask\u0119, za wstawiennictwem Carla Acutisa:<\/p>\n\n\n\n<p>Ojcze, Ty, kt\u00f3ry da\u0142e\u015b nam \u017carliwe \u015bwiadectwo m\u0142odego swietego, Carla Acutisa, kt\u00f3ry z Eucharystii uczyni\u0142 centrum swojego \u017cycia i si\u0142\u0119 swojego codziennego zaanga\u017cowania, \u017ceby inni pokochali Ciebie ponad wszystko, prosz\u0119 za jego wstawiennictwem \u0096 umocnij moj\u0105 wiar\u0119, o\u017cywiaj moj\u0105 nadziej\u0119, odnawiaj moje mi\u0142osierdzie, na obraz m\u0142odego Carla, kt\u00f3ry, wzrastaj\u0105c w tych cnotach, \u017cyje teraz w Twojej blisko\u015bci.<\/p>\n\n\n\n<p>Zechciej da\u0107 mi \u0142ask\u0119, kt\u00f3rej tak bardzo potrzebuj\u0119&#8230; [wymie\u0107 swoj\u0105 pro\u015bb\u0119] Ufam Tobie, Ojcze, i Twojemu umi\u0142owanemu Synowi Jezusowi, Dziewicy Maryi, naszej najlepszej Matce, ufam w or\u0119downictwo Twojego s\u0142ugi Carla Acutisa. Amen. Ojcze Nasz, Zdrowa\u015b Maryjo, Chwa\u0142a Ojcu&#8230;<\/p>\n\n\n\n<figure class=\"wp-block-image size-full is-resized\"><img loading=\"lazy\" decoding=\"async\" width=\"600\" height=\"600\" src=\"https:\/\/darmodlitwy.pl\/wp-content\/uploads\/2026\/01\/Kopia-\u2013-JezuMaryjo-Kocham-Was-atujcie-dusze-600-x-600-px.png\" alt=\"\" class=\"wp-image-45\" style=\"width:327px;height:auto\" srcset=\"https:\/\/darmodlitwy.pl\/wp-content\/uploads\/2026\/01\/Kopia-\u2013-JezuMaryjo-Kocham-Was-atujcie-dusze-600-x-600-px.png 600w, https:\/\/darmodlitwy.pl\/wp-content\/uploads\/2026\/01\/Kopia-\u2013-JezuMaryjo-Kocham-Was-atujcie-dusze-600-x-600-px-300x300.png 300w, https:\/\/darmodlitwy.pl\/wp-content\/uploads\/2026\/01\/Kopia-\u2013-JezuMaryjo-Kocham-Was-atujcie-dusze-600-x-600-px-150x150.png 150w\" sizes=\"auto, (max-width: 600px) 100vw, 600px\" \/><\/figure>\n","protected":false},"excerpt":{"rendered":"<p>Modlitwa do \u015awi\u0119tego . Carla Acutisa Oficjalna modlitwa z pro\u015bb\u0105 o \u0142ask\u0119, za wstawiennictwem Carla Acutisa: Ojcze, Ty, kt\u00f3ry da\u0142e\u015b [&hellip;]<\/p>\n","protected":false},"author":1,"featured_media":0,"parent":0,"menu_order":0,"comment_status":"closed","ping_status":"open","template":"","meta":{"_uag_custom_page_level_css":"","site-sidebar-layout":"default","site-content-layout":"","ast-site-content-layout":"default","site-content-style":"default","site-sidebar-style":"default","ast-global-header-display":"","ast-banner-title-visibility":"","ast-main-header-display":"","ast-hfb-above-header-display":"","ast-hfb-below-header-display":"","ast-hfb-mobile-header-display":"","site-post-title":"","ast-breadcrumbs-content":"","ast-featured-img":"","footer-sml-layout":"","ast-disable-related-posts":"","theme-transparent-header-meta":"","adv-header-id-meta":"","stick-header-meta":"","header-above-stick-meta":"","header-main-stick-meta":"","header-below-stick-meta":"","astra-migrate-meta-layouts":"default","ast-page-background-enabled":"default","ast-page-background-meta":{"desktop":{"background-color":"var(--ast-global-color-5)","background-image":"","background-repeat":"repeat","background-position":"center center","background-size":"auto","background-attachment":"scroll","background-type":"","background-media":"","overlay-type":"","overlay-color":"","overlay-opacity":"","overlay-gradient":""},"tablet":{"background-color":"","background-image":"","background-repeat":"repeat","background-position":"center center","background-size":"auto","background-attachment":"scroll","background-type":"","background-media":"","overlay-type":"","overlay-color":"","overlay-opacity":"","overlay-gradient":""},"mobile":{"background-color":"","background-image":"","background-repeat":"repeat","background-position":"center center","background-size":"auto","background-attachment":"scroll","background-type":"","background-media":"","overlay-type":"","overlay-color":"","overlay-opacity":"","overlay-gradient":""}},"ast-content-background-meta":{"desktop":{"background-color":"var(--ast-global-color-4)","background-image":"","background-repeat":"repeat","background-position":"center center","background-size":"auto","background-attachment":"scroll","background-type":"","background-media":"","overlay-type":"","overlay-color":"","overlay-opacity":"","overlay-gradient":""},"tablet":{"background-color":"var(--ast-global-color-4)","background-image":"","background-repeat":"repeat","background-position":"center center","background-size":"auto","background-attachment":"scroll","background-type":"","background-media":"","overlay-type":"","overlay-color":"","overlay-opacity":"","overlay-gradient":""},"mobile":{"background-color":"var(--ast-global-color-4)","background-image":"","background-repeat":"repeat","background-position":"center center","background-size":"auto","background-attachment":"scroll","background-type":"","background-media":"","overlay-type":"","overlay-color":"","overlay-opacity":"","overlay-gradient":""}},"footnotes":""},"class_list":["post-2","page","type-page","status-publish","hentry"],"uagb_featured_image_src":{"full":false,"thumbnail":false,"medium":false,"medium_large":false,"large":false,"1536x1536":false,"2048x2048":false,"woocommerce_thumbnail":false,"woocommerce_single":false,"woocommerce_gallery_thumbnail":false},"uagb_author_info":{"display_name":"Marcin Ma\u0107kiewicz","author_link":"https:\/\/darmodlitwy.pl\/?author=1"},"uagb_comment_info":0,"uagb_excerpt":"Modlitwa do \u015awi\u0119tego . Carla Acutisa Oficjalna modlitwa z pro\u015bb\u0105 o \u0142ask\u0119, za wstawiennictwem Carla Acutisa: Ojcze, Ty, kt\u00f3ry da\u0142e\u015b [&hellip;]","jetpack_sharing_enabled":true,"_links":{"self":[{"href":"https:\/\/darmodlitwy.pl\/index.php?rest_route=\/wp\/v2\/pages\/2","targetHints":{"allow":["GET"]}}],"collection":[{"href":"https:\/\/darmodlitwy.pl\/index.php?rest_route=\/wp\/v2\/pages"}],"about":[{"href":"https:\/\/darmodlitwy.pl\/index.php?rest_route=\/wp\/v2\/types\/page"}],"author":[{"embeddable":true,"href":"https:\/\/darmodlitwy.pl\/index.php?rest_route=\/wp\/v2\/users\/1"}],"replies":[{"embeddable":true,"href":"https:\/\/darmodlitwy.pl\/index.php?rest_route=%2Fwp%2Fv2%2Fcomments&post=2"}],"version-history":[{"count":5,"href":"https:\/\/darmodlitwy.pl\/index.php?rest_route=\/wp\/v2\/pages\/2\/revisions"}],"predecessor-version":[{"id":220,"href":"https:\/\/darmodlitwy.pl\/index.php?rest_route=\/wp\/v2\/pages\/2\/revisions\/220"}],"wp:attachment":[{"href":"https:\/\/darmodlitwy.pl\/index.php?rest_route=%2Fwp%2Fv2%2Fmedia&parent=2"}],"curies":[{"name":"wp","href":"https:\/\/api.w.org\/{rel}","templated":true}]}}